{"id":1252,"date":"2019-02-11T12:03:08","date_gmt":"2019-02-11T11:03:08","guid":{"rendered":"https:\/\/cabinet-arc.maxtab.fr\/?page_id=1252"},"modified":"2025-04-10T18:12:26","modified_gmt":"2025-04-10T16:12:26","slug":"business-detectives","status":"publish","type":"page","link":"https:\/\/www.cabinet-arc.fr\/en\/business-detectives\/","title":{"rendered":"Business Detective"},"content":{"rendered":"\n<section class=\"wp-block-group border-dotted section-full bg-background-alt border-y border-arc-bleumarine\/30 is-vertical is-content-justification-left is-layout-flex wp-container-core-group-is-layout-c0ca7d81 wp-block-group-is-layout-flex\">\n<div class=\"wp-block-group gap-8 is-vertical is-content-justification-center is-layout-flex wp-container-core-group-is-layout-4b2eccd6 wp-block-group-is-layout-flex\">\n<h2 class=\"wp-block-heading has-text-align-center\">Our business detectives can help you select your future partners.<\/h2>\n\n\n\n<p>They assess customer risk as a preventive measure.<\/p>\n\n\n\n<figure class=\"wp-block-embed is-type-video is-provider-youtube wp-block-embed-youtube w-full lg:w-2\/3 wp-embed-aspect-16-9 wp-has-aspect-ratio\"><div class=\"wp-block-embed__wrapper\">\n<iframe title=\"Recouvrement de cr\u00e9ances : Les enqu\u00eates de d\u00e9tective d&#039;affaires\" width=\"500\" height=\"281\" src=\"https:\/\/www.youtube.com\/embed\/zhTxNpd_vo0?feature=oembed\" frameborder=\"0\" allow=\"accelerometer; autoplay; clipboard-write; encrypted-media; gyroscope; picture-in-picture; web-share\" referrerpolicy=\"strict-origin-when-cross-origin\" allowfullscreen><\/iframe>\n<\/div><\/figure>\n\n\n\n<div class=\"wp-block-columns is-layout-flex wp-container-core-columns-is-layout-9d6595d7 wp-block-columns-is-layout-flex\">\n<div class=\"wp-block-column is-layout-flow wp-block-column-is-layout-flow\">\n<p><strong>1\/ The approach<\/strong><\/p>\n\n\n\n<ul class=\"wp-block-list\">\n<li>Detailed financial surveys of companies and their managers.<\/li>\n\n\n\n<li>Solvency studies by our business detectives<\/li>\n\n\n\n<li>Legal watch.<\/li>\n<\/ul>\n<\/div>\n\n\n\n<div class=\"wp-block-column is-layout-flow wp-block-column-is-layout-flow\">\n<p><strong>2\/ The objective<\/strong><\/p>\n\n\n\n<ul class=\"wp-block-list\">\n<li>Prevent customer risk (late payment or default).<\/li>\n<\/ul>\n<\/div>\n<\/div>\n<\/div>\n<\/section>\n\n<section class=\"wp-block-group is-vertical is-content-justification-left is-layout-flex wp-container-core-group-is-layout-c0ca7d81 wp-block-group-is-layout-flex\">\n<div class=\"wp-block-group gap-8 is-vertical is-layout-flex wp-container-core-group-is-layout-8cf370e7 wp-block-group-is-layout-flex\">\n<h2 class=\"wp-block-heading\">Optimize debt collection<\/h2>\n\n\n\n<p>To optimize your debt collection, our business detective department carries out comprehensive financial investigations to locate all your debtor&#8217;s seizable assets and turn your court decisions into cash.<\/p>\n\n\n\n<div class=\"wp-block-columns is-layout-flex wp-container-core-columns-is-layout-9d6595d7 wp-block-columns-is-layout-flex\">\n<div class=\"wp-block-column is-layout-flow wp-block-column-is-layout-flow\">\n<p><strong>1\/ The approach<\/strong><\/p>\n\n\n\n<ul class=\"wp-block-list\">\n<li>More information:\n<ul class=\"wp-block-list\">\n<li>Address search (from complete identity)<\/li>\n\n\n\n<li>Employer<\/li>\n\n\n\n<li>Bank account.<\/li>\n\n\n\n<li>Civil status information.<\/li>\n\n\n\n<li>Location and valuation of material goods, vehicles, machines&#8230;<\/li>\n<\/ul>\n<\/li>\n\n\n\n<li>Determination of bond.<\/li>\n\n\n\n<li>Heritage search.<\/li>\n\n\n\n<li>Full solvency.<\/li>\n\n\n\n<li>Legal and estate monitoring. <a href=\"https:\/\/cabinet-arc.fr\/category\/detective-affaires\/\">Find out more about our business detective news<\/a>.<\/li>\n<\/ul>\n<\/div>\n\n\n\n<div class=\"wp-block-column is-layout-flow wp-block-column-is-layout-flow\">\n<p><strong>2\/ The objective<\/strong><\/p>\n\n\n\n<ul class=\"wp-block-list\">\n<li>Speed up debt collection.<\/li>\n<\/ul>\n\n\n\n<p><em>Private research activities authorization AUT-092-02113-02-27-20140371354<\/em><\/p>\n<\/div>\n<\/div>\n\n\n\n<div class=\"flex flex-col justify-around w-full md:flex-row bg-arc-bleuprofond text-background align-center\">\n\t\t\t\t<div class=\"w-full md:w-2\/5\">\n\t\t\t\t\t<img decoding=\"async\" alt=\"\" data-src=\"https:\/\/www.cabinet-arc.fr\/wp-content\/themes\/cabinetarc\/assets\/images\/temp\/banner-arc-gestion-poste.png\" class=\"inset-0 w-full lazyloaded\" src=\"https:\/\/www.cabinet-arc.fr\/wp-content\/themes\/cabinetarc\/assets\/images\/temp\/banner-arc-gestion-poste.png\"\/><noscript><img decoding=\"async\" src=\"https:\/\/www.cabinet-arc.fr\/wp-content\/themes\/cabinetarc\/assets\/images\/temp\/banner-arc-gestion-poste.png\" alt=\"\" class=\"inset-0 w-full\"\/><\/noscript>\n\t\t\t\t<\/div>\n\t\t\t\t<div class=\"flex flex-col justify-center w-full gap-8 p-8 text-xl font-bold md:w-3\/5 align-center\">\n\t\t\t\t\t<div>ARC&#8217;s commitment: to mobilize all its expertise in financial investigation to ensure fast, effective debt recovery and protect our customers&#8217; interests.<\/div>\n\t\t\t\t\t<a href=\"https:\/\/www.cabinet-arc.fr\/en\/get-a-quote\/\" class=\"w-fit button\">Contact us<\/a>\n\t\t\t\t<\/div>\n\n\t\t\t<\/div>\n<\/div>\n<\/section>\n","protected":false},"excerpt":{"rendered":"<p>Our business detectives can help you select your future partners. They assess customer risk as a preventive measure. 1\/ The approach 2\/ The objective Optimize debt collection To optimize your debt collection, our business detective department carries out comprehensive financial investigations to locate all your debtor&#8217;s seizable assets and turn your court decisions into cash.<a href=\"https:\/\/www.cabinet-arc.fr\/en\/business-detectives\/\"> Read more <span class=\"sr-only\">&#8220;Business Detective&#8221;<\/span><\/a><\/p>\n","protected":false},"author":1,"featured_media":4091,"parent":0,"menu_order":0,"comment_status":"closed","ping_status":"closed","template":"page-detectives.php","meta":{"_acf_changed":false,"footnotes":""},"class_list":["post-1252","page","type-page","status-publish","has-post-thumbnail","hentry"],"acf":[],"_links":{"self":[{"href":"https:\/\/www.cabinet-arc.fr\/en\/wp-json\/wp\/v2\/pages\/1252","targetHints":{"allow":["GET"]}}],"collection":[{"href":"https:\/\/www.cabinet-arc.fr\/en\/wp-json\/wp\/v2\/pages"}],"about":[{"href":"https:\/\/www.cabinet-arc.fr\/en\/wp-json\/wp\/v2\/types\/page"}],"author":[{"embeddable":true,"href":"https:\/\/www.cabinet-arc.fr\/en\/wp-json\/wp\/v2\/users\/1"}],"replies":[{"embeddable":true,"href":"https:\/\/www.cabinet-arc.fr\/en\/wp-json\/wp\/v2\/comments?post=1252"}],"version-history":[{"count":0,"href":"https:\/\/www.cabinet-arc.fr\/en\/wp-json\/wp\/v2\/pages\/1252\/revisions"}],"wp:featuredmedia":[{"embeddable":true,"href":"https:\/\/www.cabinet-arc.fr\/en\/wp-json\/wp\/v2\/media\/4091"}],"wp:attachment":[{"href":"https:\/\/www.cabinet-arc.fr\/en\/wp-json\/wp\/v2\/media?parent=1252"}],"curies":[{"name":"wp","href":"https:\/\/api.w.org\/{rel}","templated":true}]}}