{"id":1254,"date":"2019-02-11T12:03:41","date_gmt":"2019-02-11T11:03:41","guid":{"rendered":"https:\/\/cabinet-arc.maxtab.fr\/?page_id=1254"},"modified":"2025-04-10T18:12:26","modified_gmt":"2025-04-10T16:12:26","slug":"audit-training","status":"publish","type":"page","link":"https:\/\/www.cabinet-arc.fr\/en\/audit-training\/","title":{"rendered":"Audit &amp; Training"},"content":{"rendered":"\n<section class=\"wp-block-group border-dotted section-full bg-background-alt border-y border-arc-bleumarine\/30 is-vertical is-content-justification-left is-layout-flex wp-container-core-group-is-layout-c0ca7d81 wp-block-group-is-layout-flex\">\n<div class=\"wp-block-group gap-8 is-vertical is-content-justification-center is-layout-flex wp-container-core-group-is-layout-4b2eccd6 wp-block-group-is-layout-flex\">\n<h2 class=\"wp-block-heading\">Train your staff in collections<\/h2>\n\n\n\n<p class=\"has-text-align-center has-medium-font-size\" id=\"w-full-lg:w-2\/3\">To help you manage the collection process effectively in-house, we offer customized training courses tailored to your business sector. ARC is <a href=\"https:\/\/cabinet-arc.fr\/cabinet-arc-formation-datadock\/\">DATADOCK-compliant<\/a>.<\/p>\n\n\n\n<figure class=\"wp-block-embed is-type-video is-provider-youtube wp-block-embed-youtube wp-embed-aspect-16-9 wp-has-aspect-ratio w-full lg:w-2\/3\"><div class=\"wp-block-embed__wrapper\">\n<iframe title=\"Audit et Formation au Cabinet ARC\" width=\"500\" height=\"281\" src=\"https:\/\/www.youtube.com\/embed\/oopZVPUjNI8?feature=oembed\" frameborder=\"0\" allow=\"accelerometer; autoplay; clipboard-write; encrypted-media; gyroscope; picture-in-picture; web-share\" referrerpolicy=\"strict-origin-when-cross-origin\" allowfullscreen><\/iframe>\n<\/div><\/figure>\n<\/div>\n<\/section>\n\n<section class=\"wp-block-group is-vertical is-content-justification-left is-layout-flex wp-container-core-group-is-layout-c0ca7d81 wp-block-group-is-layout-flex\">\n<div class=\"wp-block-group gap-8 is-vertical is-layout-flex wp-container-core-group-is-layout-8cf370e7 wp-block-group-is-layout-flex\">\n<div class=\"wp-block-columns gap-8 is-layout-flex wp-container-core-columns-is-layout-9d6595d7 wp-block-columns-is-layout-flex\">\n<div class=\"wp-block-column is-vertically-aligned-center is-layout-flow wp-block-column-is-layout-flow\" style=\"flex-basis:66.66%\">\n<h3 class=\"wp-block-heading\">Our training approach<\/h3>\n\n\n\n<p><strong>For collectors<\/strong><\/p>\n\n\n\n<ul class=\"wp-block-list\">\n<li>Preparing for relaunch, the different phases of relaunch, managing delicate phases&#8230;<\/li>\n<\/ul>\n\n\n\n<p><strong>For <em>credit managers<\/em><\/strong><\/p>\n\n\n\n<ul class=\"wp-block-list\">\n<li><strong>Legal training: <\/strong>contracts and general terms and conditions of sale, legal procedures, the main means of enforcement&#8230;<\/li>\n\n\n\n<li><strong>Preventive approach to customer risk: <\/strong>sources of insolvency, credit policies, etc.<\/li>\n<\/ul>\n\n\n\n<h3 class=\"wp-block-heading\">Our training methodology<\/h3>\n\n\n\n<p>We offer you a <strong>practical in-company training course:<\/strong><\/p>\n\n\n\n<ul class=\"wp-block-list\">\n<li>Participants work on their own files.<\/li>\n\n\n\n<li>The role-plays are inspired by examples encountered by participants in their day-to-day work.<\/li>\n<\/ul>\n<\/div>\n\n\n\n<div class=\"wp-block-column is-vertically-aligned-center p-6 bg-white h-fit is-layout-flow wp-block-column-is-layout-flow\" style=\"flex-basis:33.33%\">\n<div class=\"wp-block-group relative flex flex-col gap-4 px-4 py-6 font-bold border rounded border-arc-orange is-layout-constrained wp-block-group-is-layout-constrained\">\n<div class=\"absolute top-0 left-0 p-1 text-2xl -translate-x-1\/2 -translate-y-1\/2 rounded-full bg-background text-arc-orange\">\n\t\t\t\t\t\t\t<i class=\"fa-solid fa-circle-info\"><\/i>\n\t\t\t\t\t\t<\/div>\n\n\n\n<p>Our training courses alternate debates, presentations and role-playing exercises, to get participants more involved. <a href=\"https:\/\/cabinet-arc.fr\/formations-un-imperatif-doptimisation\/\">Our legal trainers are experienced<\/a> in both operational collections and teaching methods adapted to professionals.<\/p>\n\n\n\n<p>We assess the level of participants before the start of the course, monitor them throughout the learning phase, and verify their skills once the course has been completed. In particular, they will be able to keep abreast of developments <a href=\"https:\/\/cabinet-arc.fr\/category\/formation\/\">thanks to our dedicated news updates<\/a>.<\/p>\n<\/div>\n<\/div>\n<\/div>\n\n\n\n<div class=\"flex flex-col justify-around w-full gap-8 md:flex-row bg-arc-bleuprofond text-background align-center\">\n\t\t\t\t<div class=\"w-full md:w-2\/5\">\n\t\t\t\t\t<img decoding=\"async\" alt=\"\" data-src=\"https:\/\/www.cabinet-arc.fr\/wp-content\/themes\/cabinetarc\/theme\/assets\/images\/temp\/banner-arc-gestion-poste.png\" class=\"inset-0 w-full lazyloaded\" src=\"https:\/\/www.cabinet-arc.fr\/wp-content\/themes\/cabinetarc\/theme\/assets\/images\/temp\/banner-arc-gestion-poste.png\"\/><noscript><img decoding=\"async\" src=\"https:\/\/www.cabinet-arc.fr\/wp-content\/themes\/cabinetarc\/theme\/assets\/images\/temp\/banner-arc-gestion-poste.png\" alt=\"\" class=\"inset-0 w-full\"\/><\/noscript>\n\t\t\t\t<\/div>\n\t\t\t\t<div class=\"flex flex-col justify-center w-full gap-8 p-8 text-xl font-bold md:w-3\/5 align-center\">\n\t\t\t\t\t<div>L\u2019engagement du Cabinet ARC : Permettre \u00e0 vos collaborateurs d\u2019\u00eatre imm\u00e9diatement op\u00e9rationnels.<\/div>\n\t\t\t\t\t<a href=\"\" class=\"w-fit button\">Contactez-nous<\/a>\n\t\t\t\t<\/div>\n\n\t\t\t<\/div>\n<\/div>\n<\/section>\n","protected":false},"excerpt":{"rendered":"<p>Train your staff in collections To help you manage the collection process effectively in-house, we offer customized training courses tailored to your business sector. ARC is DATADOCK-compliant. Our training approach For collectors For credit managers Our training methodology We offer you a practical in-company training course: Our training courses alternate debates, presentations and role-playing exercises,<a href=\"https:\/\/www.cabinet-arc.fr\/en\/audit-training\/\"> Read more <span class=\"sr-only\">&#8220;Audit &amp; Training&#8221;<\/span><\/a><\/p>\n","protected":false},"author":1,"featured_media":4089,"parent":0,"menu_order":0,"comment_status":"closed","ping_status":"closed","template":"page-audit-formation.php","meta":{"_acf_changed":false,"footnotes":""},"class_list":["post-1254","page","type-page","status-publish","has-post-thumbnail","hentry"],"acf":[],"_links":{"self":[{"href":"https:\/\/www.cabinet-arc.fr\/en\/wp-json\/wp\/v2\/pages\/1254","targetHints":{"allow":["GET"]}}],"collection":[{"href":"https:\/\/www.cabinet-arc.fr\/en\/wp-json\/wp\/v2\/pages"}],"about":[{"href":"https:\/\/www.cabinet-arc.fr\/en\/wp-json\/wp\/v2\/types\/page"}],"author":[{"embeddable":true,"href":"https:\/\/www.cabinet-arc.fr\/en\/wp-json\/wp\/v2\/users\/1"}],"replies":[{"embeddable":true,"href":"https:\/\/www.cabinet-arc.fr\/en\/wp-json\/wp\/v2\/comments?post=1254"}],"version-history":[{"count":0,"href":"https:\/\/www.cabinet-arc.fr\/en\/wp-json\/wp\/v2\/pages\/1254\/revisions"}],"wp:featuredmedia":[{"embeddable":true,"href":"https:\/\/www.cabinet-arc.fr\/en\/wp-json\/wp\/v2\/media\/4089"}],"wp:attachment":[{"href":"https:\/\/www.cabinet-arc.fr\/en\/wp-json\/wp\/v2\/media?parent=1254"}],"curies":[{"name":"wp","href":"https:\/\/api.w.org\/{rel}","templated":true}]}}